{"id":415,"date":"2022-11-10T14:19:36","date_gmt":"2022-11-10T12:19:36","guid":{"rendered":"https:\/\/formacion.imibic.org\/?page_id=415"},"modified":"2026-04-01T13:48:48","modified_gmt":"2026-04-01T11:48:48","slug":"cursos-2","status":"publish","type":"page","link":"https:\/\/formacion.imibic.org\/index.php\/cursos-2\/","title":{"rendered":"Cursos"},"content":{"rendered":"<p>[et_pb_section fb_built=&#8221;1&#8243; admin_label=&#8221;Courses&#8221; _builder_version=&#8221;4.18.1&#8243; custom_padding=&#8221;80px|0px|80px|0px|false|false&#8221; global_colors_info=&#8221;{}&#8221;][et_pb_row _builder_version=&#8221;4.18.1&#8243; custom_padding=&#8221;20px||0px||false|false&#8221; global_colors_info=&#8221;{}&#8221;][et_pb_column type=&#8221;4_4&#8243; _builder_version=&#8221;4.18.1&#8243; custom_padding=&#8221;|||&#8221; global_colors_info=&#8221;{}&#8221; custom_padding__hover=&#8221;|||&#8221;][et_pb_text _builder_version=&#8221;4.18.1&#8243; text_font=&#8221;EB Garamond|700|||||||&#8221; text_text_color=&#8221;rgba(0,0,0,0.02)&#8221; text_font_size=&#8221;80px&#8221; text_line_height=&#8221;0em&#8221; header_2_font=&#8221;EB Garamond||||||||&#8221; header_2_font_size=&#8221;50px&#8221; header_2_line_height=&#8221;1.3em&#8221; text_orientation=&#8221;center&#8221; text_font_size_tablet=&#8221;50px&#8221; text_font_size_phone=&#8221;30px&#8221; text_font_size_last_edited=&#8221;on|desktop&#8221; header_2_font_size_tablet=&#8221;40px&#8221; header_2_font_size_phone=&#8221;30px&#8221; header_2_font_size_last_edited=&#8221;on|phone&#8221; global_colors_info=&#8221;{}&#8221;]<\/p>\n<h2>Cursos<\/h2>\n<p>[\/et_pb_text][\/et_pb_column][\/et_pb_row][et_pb_row column_structure=&#8221;1_2,1_2&#8243; custom_padding_last_edited=&#8221;on|phone&#8221; _builder_version=&#8221;4.18.1&#8243; background_color=&#8221;#ffffff&#8221; max_width=&#8221;1280px&#8221; custom_padding=&#8221;40px|6px|60px|40px|false|false&#8221; custom_padding_tablet=&#8221;&#8221; custom_padding_phone=&#8221;|20px||20px||true&#8221; animation_style=&#8221;zoom&#8221; animation_intensity_zoom=&#8221;2%&#8221; border_radii=&#8221;on|12px|12px|12px|12px&#8221; box_shadow_style=&#8221;preset1&#8243; box_shadow_vertical=&#8221;50px&#8221; box_shadow_blur=&#8221;80px&#8221; box_shadow_color=&#8221;rgba(15,19,25,0.1)&#8221; use_custom_width=&#8221;on&#8221; custom_width_px=&#8221;1280px&#8221; global_colors_info=&#8221;{}&#8221;][et_pb_column type=&#8221;1_2&#8243; _builder_version=&#8221;4.16&#8243; custom_padding=&#8221;|||&#8221; global_colors_info=&#8221;{}&#8221; custom_padding__hover=&#8221;|||&#8221;][et_pb_image src=&#8221;https:\/\/formacion.imibic.org\/wp-content\/uploads\/2026\/04\/curso-presencial.jpg&#8221; title_text=&#8221;xr:d:DAFdfHhPv8E:3,j:1035247442,t:23031720&#8243; url=&#8221;https:\/\/formacion.imibic.org\/index.php\/cursos-2\/cursos-imibic\/&#8221; align=&#8221;center&#8221; align_tablet=&#8221;center&#8221; align_phone=&#8221;center&#8221; align_last_edited=&#8221;on|desktop&#8221; _builder_version=&#8221;4.18.1&#8243; hover_enabled=&#8221;0&#8243; border_radii=&#8221;on|30px|30px|30px|30px&#8221; box_shadow_style=&#8221;preset2&#8243; global_colors_info=&#8221;{}&#8221; sticky_enabled=&#8221;0&#8243;][\/et_pb_image][et_pb_text _builder_version=&#8221;4.18.1&#8243; text_font=&#8221;||||||||&#8221; text_font_size=&#8221;15px&#8221; text_line_height=&#8221;2em&#8221; header_font=&#8221;||||||||&#8221; header_2_font=&#8221;||||||||&#8221; header_3_font=&#8221;EB Garamond||||||||&#8221; header_3_font_size=&#8221;24px&#8221; header_3_line_height=&#8221;1.4em&#8221; header_4_font=&#8221;|700||on|||||&#8221; header_4_text_color=&#8221;#ffdaa4&#8243; header_4_font_size=&#8221;12px&#8221; header_4_letter_spacing=&#8221;2px&#8221; header_4_line_height=&#8221;2em&#8221; custom_padding=&#8221;||0px|||&#8221; hover_enabled=&#8221;0&#8243; text_line_height_tablet=&#8221;&#8221; text_line_height_phone=&#8221;1.6em&#8221; text_line_height_last_edited=&#8221;on|phone&#8221; global_colors_info=&#8221;{}&#8221; sticky_enabled=&#8221;0&#8243;]<\/p>\n<h3 style=\"text-align: center;\"><a href=\"https:\/\/formacion.imibic.org\/index.php\/cursos-2\/cursos-imibic\/\">Cursos IMIBIC<\/a><\/h3>\n<p style=\"text-align: justify;\">Los Cursos Propios de IMIBIC son aquellos dise\u00f1ados para fomentar la formaci\u00f3n continua y especializada del personal de IMIBIC. Estos cursos ofrecen la oportunidad de adquirir conocimientos pr\u00e1cticos y te\u00f3ricos en \u00e1reas clave de la investigaci\u00f3n biom\u00e9dica, as\u00ed como desarrollar habilidades t\u00e9cnicas y metodol\u00f3gicas de manera aplicada. Est\u00e1n impartidos por expertos del propio instituto y, en ocasiones, por docentes invitados, cubriendo una amplia variedad de tem\u00e1ticas relevantes para la carrera investigadora.<\/p>\n<p>[\/et_pb_text][\/et_pb_column][et_pb_column type=&#8221;1_2&#8243; _builder_version=&#8221;4.16&#8243; custom_padding=&#8221;|||&#8221; global_colors_info=&#8221;{}&#8221; custom_padding__hover=&#8221;|||&#8221;][et_pb_image src=&#8221;https:\/\/formacion.imibic.org\/wp-content\/uploads\/2026\/04\/curso-online-scaled.jpg&#8221; title_text=&#8221;Online study!&#8221; url=&#8221;https:\/\/formacion.imibic.org\/index.php\/cursos-2\/cursos-mooc\/&#8221; align=&#8221;center&#8221; align_tablet=&#8221;center&#8221; align_phone=&#8221;center&#8221; align_last_edited=&#8221;on|desktop&#8221; _builder_version=&#8221;4.18.1&#8243; hover_enabled=&#8221;0&#8243; border_radii=&#8221;on|30px|30px|30px|30px&#8221; box_shadow_style=&#8221;preset2&#8243; locked=&#8221;off&#8221; global_colors_info=&#8221;{}&#8221; sticky_enabled=&#8221;0&#8243;][\/et_pb_image][et_pb_text _builder_version=&#8221;4.18.1&#8243; text_font=&#8221;||||||||&#8221; text_font_size=&#8221;15px&#8221; text_line_height=&#8221;2em&#8221; header_font=&#8221;||||||||&#8221; header_2_font=&#8221;||||||||&#8221; header_3_font=&#8221;EB Garamond||||||||&#8221; header_3_font_size=&#8221;24px&#8221; header_3_line_height=&#8221;1.4em&#8221; header_4_font=&#8221;|700||on|||||&#8221; header_4_text_color=&#8221;#ffdaa4&#8243; header_4_font_size=&#8221;12px&#8221; header_4_letter_spacing=&#8221;2px&#8221; header_4_line_height=&#8221;2em&#8221; custom_padding=&#8221;||20px|||&#8221; hover_enabled=&#8221;0&#8243; text_line_height_tablet=&#8221;&#8221; text_line_height_phone=&#8221;1.6em&#8221; text_line_height_last_edited=&#8221;on|phone&#8221; locked=&#8221;off&#8221; global_colors_info=&#8221;{}&#8221; sticky_enabled=&#8221;0&#8243;]<\/p>\n<h3 style=\"text-align: center;\"><a href=\"https:\/\/formacion.imibic.org\/index.php\/cursos-2\/cursos-mooc\/\">Cursos MOOC<\/a><\/h3>\n<p style=\"text-align: justify;\">Los Cursos MOOC (Massive Open Online Courses) est\u00e1n dise\u00f1ados para ofrecer formaci\u00f3n accesible y flexible en diversas \u00e1reas de la biomedicina. Estos cursos permiten al personal investigador y al p\u00fablico en general adquirir conocimientos de manera aut\u00f3noma, con contenidos estructurados y de alta calidad.\u00a0<\/p>\n<p>[\/et_pb_text][\/et_pb_column][\/et_pb_row][\/et_pb_section]<\/p>\n","protected":false},"excerpt":{"rendered":"<p>CursosCursos IMIBIC Los Cursos Propios de IMIBIC son aquellos dise\u00f1ados para fomentar la formaci\u00f3n continua y especializada del personal de IMIBIC. Estos cursos ofrecen la oportunidad de adquirir conocimientos pr\u00e1cticos y te\u00f3ricos en \u00e1reas clave de la investigaci\u00f3n biom\u00e9dica, as\u00ed como desarrollar habilidades t\u00e9cnicas y metodol\u00f3gicas de manera aplicada. Est\u00e1n impartidos por expertos del propio [&hellip;]<\/p>\n","protected":false},"author":1,"featured_media":0,"parent":0,"menu_order":0,"comment_status":"closed","ping_status":"closed","template":"","meta":{"_et_pb_use_builder":"on","_et_pb_old_content":"","_et_gb_content_width":"","footnotes":""},"class_list":["post-415","page","type-page","status-publish","hentry"],"_links":{"self":[{"href":"https:\/\/formacion.imibic.org\/index.php\/wp-json\/wp\/v2\/pages\/415","targetHints":{"allow":["GET"]}}],"collection":[{"href":"https:\/\/formacion.imibic.org\/index.php\/wp-json\/wp\/v2\/pages"}],"about":[{"href":"https:\/\/formacion.imibic.org\/index.php\/wp-json\/wp\/v2\/types\/page"}],"author":[{"embeddable":true,"href":"https:\/\/formacion.imibic.org\/index.php\/wp-json\/wp\/v2\/users\/1"}],"replies":[{"embeddable":true,"href":"https:\/\/formacion.imibic.org\/index.php\/wp-json\/wp\/v2\/comments?post=415"}],"version-history":[{"count":35,"href":"https:\/\/formacion.imibic.org\/index.php\/wp-json\/wp\/v2\/pages\/415\/revisions"}],"predecessor-version":[{"id":1296,"href":"https:\/\/formacion.imibic.org\/index.php\/wp-json\/wp\/v2\/pages\/415\/revisions\/1296"}],"wp:attachment":[{"href":"https:\/\/formacion.imibic.org\/index.php\/wp-json\/wp\/v2\/media?parent=415"}],"curies":[{"name":"wp","href":"https:\/\/api.w.org\/{rel}","templated":true}]}}